{"id":1054,"date":"2023-03-06T08:57:02","date_gmt":"2023-03-06T08:57:02","guid":{"rendered":"https:\/\/pasquay-legal.com\/contact\/"},"modified":"2025-10-15T07:33:03","modified_gmt":"2025-10-15T07:33:03","slug":"contact","status":"publish","type":"page","link":"https:\/\/pasquay-legal.com\/en\/contact\/","title":{"rendered":"Contact"},"content":{"rendered":"\t\t<div data-elementor-type=\"wp-page\" data-elementor-id=\"1054\" class=\"elementor elementor-1054 elementor-154\" data-elementor-post-type=\"page\">\n\t\t\t\t\t\t<section class=\"elementor-section elementor-top-section elementor-element elementor-element-f74b022 elementor-section-height-min-height elementor-section-boxed elementor-section-height-default elementor-section-items-middle\" data-id=\"f74b022\" data-element_type=\"section\" data-settings=\"{&quot;background_background&quot;:&quot;classic&quot;}\">\n\t\t\t\t\t\t\t<div class=\"elementor-background-overlay\"><\/div>\n\t\t\t\t\t\t\t<div class=\"elementor-container elementor-column-gap-default\">\n\t\t\t\t\t<div class=\"elementor-column elementor-col-100 elementor-top-column elementor-element elementor-element-1c55ffa\" data-id=\"1c55ffa\" data-element_type=\"column\">\n\t\t\t<div class=\"elementor-widget-wrap elementor-element-populated\">\n\t\t\t\t\t\t\t<\/div>\n\t\t<\/div>\n\t\t\t\t\t<\/div>\n\t\t<\/section>\n\t\t\t\t<section class=\"elementor-section elementor-top-section elementor-element elementor-element-0af365e elementor-section-boxed elementor-section-height-default elementor-section-height-default\" data-id=\"0af365e\" data-element_type=\"section\" data-settings=\"{&quot;background_background&quot;:&quot;classic&quot;,&quot;shape_divider_top&quot;:&quot;tilt&quot;}\">\n\t\t\t\t\t\t\t<div class=\"elementor-background-overlay\"><\/div>\n\t\t\t\t\t\t<div class=\"elementor-shape elementor-shape-top\" aria-hidden=\"true\" data-negative=\"false\">\n\t\t\t<svg xmlns=\"http:\/\/www.w3.org\/2000\/svg\" viewBox=\"0 0 1000 100\" preserveAspectRatio=\"none\">\n\t<path class=\"elementor-shape-fill\" d=\"M0,6V0h1000v100L0,6z\"\/>\n<\/svg>\t\t<\/div>\n\t\t\t\t\t<div class=\"elementor-container elementor-column-gap-default\">\n\t\t\t\t\t<div class=\"elementor-column elementor-col-100 elementor-top-column elementor-element elementor-element-4eaa7ef\" data-id=\"4eaa7ef\" data-element_type=\"column\">\n\t\t\t<div class=\"elementor-widget-wrap elementor-element-populated\">\n\t\t\t\t\t\t<section class=\"elementor-section elementor-inner-section elementor-element elementor-element-c0a6d60 elementor-section-boxed elementor-section-height-default elementor-section-height-default\" data-id=\"c0a6d60\" data-element_type=\"section\">\n\t\t\t\t\t\t<div class=\"elementor-container elementor-column-gap-default\">\n\t\t\t\t\t<div class=\"elementor-column elementor-col-50 elementor-inner-column elementor-element elementor-element-3bb6489\" data-id=\"3bb6489\" data-element_type=\"column\">\n\t\t\t<div class=\"elementor-widget-wrap elementor-element-populated\">\n\t\t\t\t\t\t<div class=\"elementor-element elementor-element-70a6aa6 elementor-widget elementor-widget-heading\" data-id=\"70a6aa6\" data-element_type=\"widget\" data-widget_type=\"heading.default\">\n\t\t\t\t<div class=\"elementor-widget-container\">\n\t\t\t\t\t<h2 class=\"elementor-heading-title elementor-size-default\">How to reach me<\/h2>\t\t\t\t<\/div>\n\t\t\t\t<\/div>\n\t\t\t\t<div class=\"elementor-element elementor-element-2fd1de0 elementor-widget elementor-widget-text-editor\" data-id=\"2fd1de0\" data-element_type=\"widget\" data-widget_type=\"text-editor.default\">\n\t\t\t\t<div class=\"elementor-widget-container\">\n\t\t\t\t\t\t\t\t\t<p>Rechtsanw\u00e4ltin Marie-Caroline Pasquay<\/p><p>Freifrau von Pfetten-Arnbach<\/p><p>Rechtsanw\u00e4ltin, MBA<\/p><p>Fachanw\u00e4ltin f\u00fcr Bank- und Kapitalmarktrecht<\/p><p>Zertifizierter Compliance Officer\u00a0<\/p><p>Kanzlei Deutschland:\u00a0<span style=\"color: var( --e-global-color-text ); font-family: var( --e-global-typography-text-font-family ), Sans-serif; font-size: var( --e-global-typography-text-font-size ); font-style: var( --e-global-typography-text-font-style ); font-weight: var( --e-global-typography-text-font-weight ); text-transform: var( --e-global-typography-text-text-transform ); background-color: var( --e-global-color-78b8488 );\">Ludwigpalais \u2013 Ludwigstr. 8, D-\u00a0<\/span><span style=\"color: var( --e-global-color-text ); font-family: var( --e-global-typography-text-font-family ), Sans-serif; font-size: var( --e-global-typography-text-font-size ); font-style: var( --e-global-typography-text-font-style ); font-weight: var( --e-global-typography-text-font-weight ); text-transform: var( --e-global-typography-text-text-transform ); background-color: var( --e-global-color-78b8488 );\">80539 M\u00fcnchen<\/span><\/p><p><span style=\"color: var( --e-global-color-text ); font-family: var( --e-global-typography-text-font-family ), Sans-serif; font-size: var( --e-global-typography-text-font-size ); font-style: var( --e-global-typography-text-font-style ); font-weight: var( --e-global-typography-text-font-weight ); text-transform: var( --e-global-typography-text-text-transform ); background-color: var( --e-global-color-78b8488 );\">Kanzlei \u00d6sterreich: Forstern 12, A-4891 P\u00f6ndorf<\/span><\/p>\t\t\t\t\t\t\t\t<\/div>\n\t\t\t\t<\/div>\n\t\t\t\t<div class=\"elementor-element elementor-element-9f1814c elementor-align-left elementor-icon-list--layout-traditional elementor-list-item-link-full_width elementor-widget elementor-widget-icon-list\" data-id=\"9f1814c\" data-element_type=\"widget\" data-widget_type=\"icon-list.default\">\n\t\t\t\t<div class=\"elementor-widget-container\">\n\t\t\t\t\t\t\t<ul class=\"elementor-icon-list-items\">\n\t\t\t\t\t\t\t<li class=\"elementor-icon-list-item\">\n\t\t\t\t\t\t\t\t\t\t\t<span class=\"elementor-icon-list-icon\">\n\t\t\t\t\t\t\t<i aria-hidden=\"true\" class=\"fas fa-phone-alt\"><\/i>\t\t\t\t\t\t<\/span>\n\t\t\t\t\t\t\t\t\t\t<span class=\"elementor-icon-list-text\">Tel.: +49\/ 89\/ 80 99 07110<\/span>\n\t\t\t\t\t\t\t\t\t<\/li>\n\t\t\t\t\t\t\t\t<li class=\"elementor-icon-list-item\">\n\t\t\t\t\t\t\t\t\t\t\t<span class=\"elementor-icon-list-icon\">\n\t\t\t\t\t\t\t<i aria-hidden=\"true\" class=\"fas fa-fax\"><\/i>\t\t\t\t\t\t<\/span>\n\t\t\t\t\t\t\t\t\t\t<span class=\"elementor-icon-list-text\">Fax: +49\/ 89\/ 80 99 07139<\/span>\n\t\t\t\t\t\t\t\t\t<\/li>\n\t\t\t\t\t\t\t\t<li class=\"elementor-icon-list-item\">\n\t\t\t\t\t\t\t\t\t\t\t<a href=\"mailto:mail@pasquay-legal.com\">\n\n\t\t\t\t\t\t\t\t\t\t\t\t<span class=\"elementor-icon-list-icon\">\n\t\t\t\t\t\t\t<i aria-hidden=\"true\" class=\"fas fa-mail-bulk\"><\/i>\t\t\t\t\t\t<\/span>\n\t\t\t\t\t\t\t\t\t\t<span class=\"elementor-icon-list-text\">E-mail: mail@pasquay-legal.com<\/span>\n\t\t\t\t\t\t\t\t\t\t\t<\/a>\n\t\t\t\t\t\t\t\t\t<\/li>\n\t\t\t\t\t\t<\/ul>\n\t\t\t\t\t\t<\/div>\n\t\t\t\t<\/div>\n\t\t\t\t<div class=\"elementor-element elementor-element-60fd0fc elementor-widget elementor-widget-heading\" data-id=\"60fd0fc\" data-element_type=\"widget\" data-widget_type=\"heading.default\">\n\t\t\t\t<div class=\"elementor-widget-container\">\n\t\t\t\t\t<h3 class=\"elementor-heading-title elementor-size-default\">More info:<\/h3>\t\t\t\t<\/div>\n\t\t\t\t<\/div>\n\t\t\t\t<div class=\"elementor-element elementor-element-fe95b5d elementor-widget elementor-widget-image\" data-id=\"fe95b5d\" data-element_type=\"widget\" data-widget_type=\"image.default\">\n\t\t\t\t<div class=\"elementor-widget-container\">\n\t\t\t\t\t\t\t\t\t\t\t\t\t\t\t\t<a href=\"https:\/\/scan.page\/p\/46o8DI\" target=\"_blank\">\n\t\t\t\t\t\t\t<img fetchpriority=\"high\" decoding=\"async\" width=\"512\" height=\"512\" src=\"https:\/\/pasquay-legal.com\/wp-content\/uploads\/2025\/10\/PASQUAY_LEGAL_-_Marie-Caroline_Pasquay_Freifrau_von_Pfetten-Arnbach-512-2.png\" class=\"attachment-large size-large wp-image-1466\" alt=\"\" srcset=\"https:\/\/pasquay-legal.com\/wp-content\/uploads\/2025\/10\/PASQUAY_LEGAL_-_Marie-Caroline_Pasquay_Freifrau_von_Pfetten-Arnbach-512-2.png 512w, https:\/\/pasquay-legal.com\/wp-content\/uploads\/2025\/10\/PASQUAY_LEGAL_-_Marie-Caroline_Pasquay_Freifrau_von_Pfetten-Arnbach-512-2-300x300.png 300w, https:\/\/pasquay-legal.com\/wp-content\/uploads\/2025\/10\/PASQUAY_LEGAL_-_Marie-Caroline_Pasquay_Freifrau_von_Pfetten-Arnbach-512-2-150x150.png 150w\" sizes=\"(max-width: 512px) 100vw, 512px\" \/>\t\t\t\t\t\t\t\t<\/a>\n\t\t\t\t\t\t\t\t\t\t\t\t\t\t\t<\/div>\n\t\t\t\t<\/div>\n\t\t\t\t\t<\/div>\n\t\t<\/div>\n\t\t\t\t<div class=\"elementor-column elementor-col-50 elementor-inner-column elementor-element elementor-element-3b6d1a5\" data-id=\"3b6d1a5\" data-element_type=\"column\">\n\t\t\t<div class=\"elementor-widget-wrap elementor-element-populated\">\n\t\t\t\t\t\t<div class=\"elementor-element elementor-element-8347641 elementor-widget elementor-widget-image\" data-id=\"8347641\" data-element_type=\"widget\" data-widget_type=\"image.default\">\n\t\t\t\t<div class=\"elementor-widget-container\">\n\t\t\t\t\t\t\t\t\t\t\t\t\t\t\t<img decoding=\"async\" width=\"800\" height=\"663\" src=\"https:\/\/pasquay-legal.com\/wp-content\/uploads\/2025\/10\/be15baad-0334-44ae-b67a-b9d7adc1c027-1.jpg\" class=\"attachment-full size-full wp-image-1557\" alt=\"\" srcset=\"https:\/\/pasquay-legal.com\/wp-content\/uploads\/2025\/10\/be15baad-0334-44ae-b67a-b9d7adc1c027-1.jpg 800w, https:\/\/pasquay-legal.com\/wp-content\/uploads\/2025\/10\/be15baad-0334-44ae-b67a-b9d7adc1c027-1-300x249.jpg 300w, https:\/\/pasquay-legal.com\/wp-content\/uploads\/2025\/10\/be15baad-0334-44ae-b67a-b9d7adc1c027-1-768x636.jpg 768w\" sizes=\"(max-width: 800px) 100vw, 800px\" \/>\t\t\t\t\t\t\t\t\t\t\t\t\t\t\t<\/div>\n\t\t\t\t<\/div>\n\t\t\t\t<div class=\"elementor-element elementor-element-dbbcdc0 elementor-widget elementor-widget-heading\" data-id=\"dbbcdc0\" data-element_type=\"widget\" data-widget_type=\"heading.default\">\n\t\t\t\t<div class=\"elementor-widget-container\">\n\t\t\t\t\t<h2 class=\"elementor-heading-title elementor-size-default\">Send a message:<\/h2>\t\t\t\t<\/div>\n\t\t\t\t<\/div>\n\t\t\t\t<div class=\"elementor-element elementor-element-27c5eda elementor-button-align-stretch elementor-widget elementor-widget-form\" data-id=\"27c5eda\" data-element_type=\"widget\" data-settings=\"{&quot;step_next_label&quot;:&quot;Next&quot;,&quot;step_previous_label&quot;:&quot;Previous&quot;,&quot;button_width&quot;:&quot;100&quot;,&quot;step_type&quot;:&quot;number_text&quot;,&quot;step_icon_shape&quot;:&quot;circle&quot;}\" data-widget_type=\"form.default\">\n\t\t\t\t<div class=\"elementor-widget-container\">\n\t\t\t\t\t\t\t<form class=\"elementor-form\" method=\"post\" name=\"New form\" aria-label=\"New form\">\n\t\t\t<input type=\"hidden\" name=\"post_id\" value=\"1054\"\/>\n\t\t\t<input type=\"hidden\" name=\"form_id\" value=\"27c5eda\"\/>\n\t\t\t<input type=\"hidden\" name=\"referer_title\" value=\"Contact - Kanzlei Pasquay\" \/>\n\n\t\t\t\t\t\t\t<input type=\"hidden\" name=\"queried_id\" value=\"1054\"\/>\n\t\t\t\n\t\t\t<div class=\"elementor-form-fields-wrapper elementor-labels-\">\n\t\t\t\t\t\t\t\t<div class=\"elementor-field-type-text elementor-field-group elementor-column elementor-field-group-name elementor-col-50\">\n\t\t\t\t\t\t\t\t\t\t\t\t<label for=\"form-field-name\" class=\"elementor-field-label elementor-screen-only\">\n\t\t\t\t\t\t\t\tName\t\t\t\t\t\t\t<\/label>\n\t\t\t\t\t\t\t\t\t\t\t\t\t\t<input size=\"1\" type=\"text\" name=\"form_fields[name]\" id=\"form-field-name\" class=\"elementor-field elementor-size-sm  elementor-field-textual\" placeholder=\"Name\">\n\t\t\t\t\t\t\t\t\t\t\t<\/div>\n\t\t\t\t\t\t\t\t<div class=\"elementor-field-type-text elementor-field-group elementor-column elementor-field-group-field_dd82ec7 elementor-col-50\">\n\t\t\t\t\t\t\t\t\t\t\t\t<label for=\"form-field-field_dd82ec7\" class=\"elementor-field-label elementor-screen-only\">\n\t\t\t\t\t\t\t\tNachname\t\t\t\t\t\t\t<\/label>\n\t\t\t\t\t\t\t\t\t\t\t\t\t\t<input size=\"1\" type=\"text\" name=\"form_fields[field_dd82ec7]\" id=\"form-field-field_dd82ec7\" class=\"elementor-field elementor-size-sm  elementor-field-textual\" placeholder=\"Nachname\">\n\t\t\t\t\t\t\t\t\t\t\t<\/div>\n\t\t\t\t\t\t\t\t<div class=\"elementor-field-type-email elementor-field-group elementor-column elementor-field-group-email elementor-col-50 elementor-field-required\">\n\t\t\t\t\t\t\t\t\t\t\t\t<label for=\"form-field-email\" class=\"elementor-field-label elementor-screen-only\">\n\t\t\t\t\t\t\t\tE-Mail\t\t\t\t\t\t\t<\/label>\n\t\t\t\t\t\t\t\t\t\t\t\t\t\t<input size=\"1\" type=\"email\" name=\"form_fields[email]\" id=\"form-field-email\" class=\"elementor-field elementor-size-sm  elementor-field-textual\" placeholder=\"E-Mail\" required=\"required\">\n\t\t\t\t\t\t\t\t\t\t\t<\/div>\n\t\t\t\t\t\t\t\t<div class=\"elementor-field-type-tel elementor-field-group elementor-column elementor-field-group-field_6894bf3 elementor-col-50 elementor-field-required\">\n\t\t\t\t\t\t\t\t\t\t\t\t<label for=\"form-field-field_6894bf3\" class=\"elementor-field-label elementor-screen-only\">\n\t\t\t\t\t\t\t\tHandy\t\t\t\t\t\t\t<\/label>\n\t\t\t\t\t\t\t\t<input size=\"1\" type=\"tel\" name=\"form_fields[field_6894bf3]\" id=\"form-field-field_6894bf3\" class=\"elementor-field elementor-size-sm  elementor-field-textual\" placeholder=\"Handy\" required=\"required\" pattern=\"[0-9()#&amp;+*-=.]+\" title=\"Only numbers and phone characters (#, -, *, etc) are accepted.\">\n\n\t\t\t\t\t\t<\/div>\n\t\t\t\t\t\t\t\t<div class=\"elementor-field-type-select elementor-field-group elementor-column elementor-field-group-field_409b80d elementor-col-100 elementor-field-required\">\n\t\t\t\t\t\t\t\t\t\t\t\t<label for=\"form-field-field_409b80d\" class=\"elementor-field-label elementor-screen-only\">\n\t\t\t\t\t\t\t\tYour request\t\t\t\t\t\t\t<\/label>\n\t\t\t\t\t\t\t\t<div class=\"elementor-field elementor-select-wrapper remove-before \">\n\t\t\t<div class=\"select-caret-down-wrapper\">\n\t\t\t\t<i aria-hidden=\"true\" class=\"eicon-caret-down\"><\/i>\t\t\t<\/div>\n\t\t\t<select name=\"form_fields[field_409b80d]\" id=\"form-field-field_409b80d\" class=\"elementor-field-textual elementor-size-sm\" required=\"required\">\n\t\t\t\t\t\t\t\t\t<option value=\"Emittenten\">Emittenten<\/option>\n\t\t\t\t\t\t\t\t\t<option value=\"Aufsichtsrecht\">Aufsichtsrecht<\/option>\n\t\t\t\t\t\t\t\t\t<option value=\"Kapitalmarktrecht\">Kapitalmarktrecht<\/option>\n\t\t\t\t\t\t\t\t\t<option value=\"Vertriebsrecht\">Vertriebsrecht<\/option>\n\t\t\t\t\t\t\t\t\t<option value=\"Compliance\">Compliance<\/option>\n\t\t\t\t\t\t\t<\/select>\n\t\t<\/div>\n\t\t\t\t\t\t<\/div>\n\t\t\t\t\t\t\t\t<div class=\"elementor-field-type-textarea elementor-field-group elementor-column elementor-field-group-message elementor-col-100\">\n\t\t\t\t\t\t\t\t\t\t\t\t<label for=\"form-field-message\" class=\"elementor-field-label elementor-screen-only\">\n\t\t\t\t\t\t\t\tNachricht\t\t\t\t\t\t\t<\/label>\n\t\t\t\t\t\t<textarea class=\"elementor-field-textual elementor-field  elementor-size-sm\" name=\"form_fields[message]\" id=\"form-field-message\" rows=\"4\" placeholder=\"Nachricht\"><\/textarea>\t\t\t\t<\/div>\n\t\t\t\t\t\t\t\t<div class=\"elementor-field-type-acceptance elementor-field-group elementor-column elementor-field-group-field_c108fa3 elementor-col-100 elementor-field-required\">\n\t\t\t\t\t\t\t<div class=\"elementor-field-subgroup\">\n\t\t\t<span class=\"elementor-field-option\">\n\t\t\t\t<input type=\"checkbox\" name=\"form_fields[field_c108fa3]\" id=\"form-field-field_c108fa3\" class=\"elementor-field elementor-size-sm  elementor-acceptance-field\" required=\"required\">\n\t\t\t\t<label for=\"form-field-field_c108fa3\">I agree that my data will be stored for the purpose of contacting me in accordance with the <span style=\"color: #284b80;\"><a style=\"color: #284b80;\" href=\".\/datenschutzerklaerung\/\" target=\"_blank\" rel=\"noopener\"><span style=\"text-decoration: underline;\"><strong><span style=\"color: #284b80; text-decoration: underline;\">privacy policy<\/span><\/strong><\/span><\/a><\/span> <\/label>\t\t\t<\/span>\n\t\t<\/div>\n\t\t\t\t\t\t<\/div>\n\t\t\t\t\t\t\t\t<div class=\"elementor-field-type-recaptcha_v3 elementor-field-group elementor-column elementor-field-group-field_d28048c elementor-col-100 recaptcha_v3-bottomright\">\n\t\t\t\t\t<div class=\"elementor-field\" id=\"form-field-field_d28048c\"><div class=\"elementor-g-recaptcha\" data-sitekey=\"6Lcb-uorAAAAABfaELgkpNmwrLWi8K4aRMOP2oGj\" data-type=\"v3\" data-action=\"Form\" data-badge=\"bottomright\" data-size=\"invisible\"><\/div><\/div>\t\t\t\t<\/div>\n\t\t\t\t\t\t\t\t<div class=\"elementor-field-group elementor-column elementor-field-type-submit elementor-col-100 e-form__buttons\">\n\t\t\t\t\t<button class=\"elementor-button elementor-size-sm\" type=\"submit\">\n\t\t\t\t\t\t<span class=\"elementor-button-content-wrapper\">\n\t\t\t\t\t\t\t\t\t\t\t\t\t\t\t\t\t\t\t\t\t\t<span class=\"elementor-button-text\">Send<\/span>\n\t\t\t\t\t\t\t\t\t\t\t\t\t<\/span>\n\t\t\t\t\t<\/button>\n\t\t\t\t<\/div>\n\t\t\t<\/div>\n\t\t<\/form>\n\t\t\t\t\t\t<\/div>\n\t\t\t\t<\/div>\n\t\t\t\t\t<\/div>\n\t\t<\/div>\n\t\t\t\t\t<\/div>\n\t\t<\/section>\n\t\t\t\t\t<\/div>\n\t\t<\/div>\n\t\t\t\t\t<\/div>\n\t\t<\/section>\n\t\t\t\t<\/div>\n\t\t","protected":false},"excerpt":{"rendered":"<p>How to reach me Rechtsanw\u00e4ltin Marie-Caroline Pasquay Freifrau von Pfetten-Arnbach Rechtsanw\u00e4ltin, MBA Fachanw\u00e4ltin f\u00fcr Bank- und Kapitalmarktrecht Zertifizierter Compliance Officer\u00a0 Kanzlei Deutschland:\u00a0Ludwigpalais \u2013 Ludwigstr. 8, D-\u00a080539 M\u00fcnchen Kanzlei \u00d6sterreich: Forstern 12, A-4891 P\u00f6ndorf Tel.: +49\/ 89\/ 80 99 07110 Fax: +49\/ 89\/ 80 99 07139 E-mail: mail@pasquay-legal.com More info: Send a message:<\/p>\n","protected":false},"author":1,"featured_media":0,"parent":0,"menu_order":0,"comment_status":"closed","ping_status":"closed","template":"elementor_header_footer","meta":{"footnotes":""},"class_list":["post-1054","page","type-page","status-publish","hentry"],"yoast_head":"<!-- This site is optimized with the Yoast SEO plugin v26.1.1 - https:\/\/yoast.com\/wordpress\/plugins\/seo\/ -->\n<title>Contact - Kanzlei Pasquay<\/title>\n<meta name=\"robots\" content=\"index, follow, max-snippet:-1, max-image-preview:large, max-video-preview:-1\" \/>\n<link rel=\"canonical\" href=\"https:\/\/pasquay-legal.com\/en\/contact\/\" \/>\n<meta property=\"og:locale\" content=\"en_US\" \/>\n<meta property=\"og:type\" content=\"article\" \/>\n<meta property=\"og:title\" content=\"Contact - Kanzlei Pasquay\" \/>\n<meta property=\"og:description\" content=\"How to reach me Rechtsanw\u00e4ltin Marie-Caroline Pasquay Freifrau von Pfetten-Arnbach Rechtsanw\u00e4ltin, MBA Fachanw\u00e4ltin f\u00fcr Bank- und Kapitalmarktrecht Zertifizierter Compliance Officer\u00a0 Kanzlei Deutschland:\u00a0Ludwigpalais \u2013 Ludwigstr. 8, D-\u00a080539 M\u00fcnchen Kanzlei \u00d6sterreich: Forstern 12, A-4891 P\u00f6ndorf Tel.: +49\/ 89\/ 80 99 07110 Fax: +49\/ 89\/ 80 99 07139 E-mail: mail@pasquay-legal.com More info: Send a message:\" \/>\n<meta property=\"og:url\" content=\"https:\/\/pasquay-legal.com\/en\/contact\/\" \/>\n<meta property=\"og:site_name\" content=\"Kanzlei Pasquay\" \/>\n<meta property=\"article:modified_time\" content=\"2025-10-15T07:33:03+00:00\" \/>\n<meta property=\"og:image\" content=\"https:\/\/pasquay-legal.com\/wp-content\/uploads\/2025\/10\/PASQUAY_LEGAL_-_Marie-Caroline_Pasquay_Freifrau_von_Pfetten-Arnbach-512-2.png\" \/>\n\t<meta property=\"og:image:width\" content=\"512\" \/>\n\t<meta property=\"og:image:height\" content=\"512\" \/>\n\t<meta property=\"og:image:type\" content=\"image\/png\" \/>\n<meta name=\"twitter:card\" content=\"summary_large_image\" \/>\n<meta name=\"twitter:label1\" content=\"Est. reading time\" \/>\n\t<meta name=\"twitter:data1\" content=\"1 minute\" \/>\n<script type=\"application\/ld+json\" class=\"yoast-schema-graph\">{\"@context\":\"https:\/\/schema.org\",\"@graph\":[{\"@type\":\"WebPage\",\"@id\":\"https:\/\/pasquay-legal.com\/en\/contact\/\",\"url\":\"https:\/\/pasquay-legal.com\/en\/contact\/\",\"name\":\"Contact - Kanzlei Pasquay\",\"isPartOf\":{\"@id\":\"https:\/\/pasquay-legal.com\/en\/#website\"},\"primaryImageOfPage\":{\"@id\":\"https:\/\/pasquay-legal.com\/en\/contact\/#primaryimage\"},\"image\":{\"@id\":\"https:\/\/pasquay-legal.com\/en\/contact\/#primaryimage\"},\"thumbnailUrl\":\"https:\/\/pasquay-legal.com\/wp-content\/uploads\/2025\/10\/PASQUAY_LEGAL_-_Marie-Caroline_Pasquay_Freifrau_von_Pfetten-Arnbach-512-2.png\",\"datePublished\":\"2023-03-06T08:57:02+00:00\",\"dateModified\":\"2025-10-15T07:33:03+00:00\",\"inLanguage\":\"en-US\",\"potentialAction\":[{\"@type\":\"ReadAction\",\"target\":[\"https:\/\/pasquay-legal.com\/en\/contact\/\"]}]},{\"@type\":\"ImageObject\",\"inLanguage\":\"en-US\",\"@id\":\"https:\/\/pasquay-legal.com\/en\/contact\/#primaryimage\",\"url\":\"https:\/\/pasquay-legal.com\/wp-content\/uploads\/2025\/10\/PASQUAY_LEGAL_-_Marie-Caroline_Pasquay_Freifrau_von_Pfetten-Arnbach-512-2.png\",\"contentUrl\":\"https:\/\/pasquay-legal.com\/wp-content\/uploads\/2025\/10\/PASQUAY_LEGAL_-_Marie-Caroline_Pasquay_Freifrau_von_Pfetten-Arnbach-512-2.png\"},{\"@type\":\"WebSite\",\"@id\":\"https:\/\/pasquay-legal.com\/en\/#website\",\"url\":\"https:\/\/pasquay-legal.com\/en\/\",\"name\":\"Kanzlei Pasquay\",\"description\":\"KANZLEI F\u00dcR BANK- UND KAPITALMARKTRECHT\",\"publisher\":{\"@id\":\"https:\/\/pasquay-legal.com\/en\/#organization\"},\"potentialAction\":[{\"@type\":\"SearchAction\",\"target\":{\"@type\":\"EntryPoint\",\"urlTemplate\":\"https:\/\/pasquay-legal.com\/en\/?s={search_term_string}\"},\"query-input\":{\"@type\":\"PropertyValueSpecification\",\"valueRequired\":true,\"valueName\":\"search_term_string\"}}],\"inLanguage\":\"en-US\"},{\"@type\":\"Organization\",\"@id\":\"https:\/\/pasquay-legal.com\/en\/#organization\",\"name\":\"Kanzlei Pasquay\",\"url\":\"https:\/\/pasquay-legal.com\/en\/\",\"logo\":{\"@type\":\"ImageObject\",\"inLanguage\":\"en-US\",\"@id\":\"https:\/\/pasquay-legal.com\/en\/#\/schema\/logo\/image\/\",\"url\":\"https:\/\/pasquay-legal.com\/wp-content\/uploads\/2023\/03\/logo_kanzlei-pasquay.png\",\"contentUrl\":\"https:\/\/pasquay-legal.com\/wp-content\/uploads\/2023\/03\/logo_kanzlei-pasquay.png\",\"width\":800,\"height\":154,\"caption\":\"Kanzlei Pasquay\"},\"image\":{\"@id\":\"https:\/\/pasquay-legal.com\/en\/#\/schema\/logo\/image\/\"}}]}<\/script>\n<!-- \/ Yoast SEO plugin. -->","yoast_head_json":{"title":"Contact - Kanzlei Pasquay","robots":{"index":"index","follow":"follow","max-snippet":"max-snippet:-1","max-image-preview":"max-image-preview:large","max-video-preview":"max-video-preview:-1"},"canonical":"https:\/\/pasquay-legal.com\/en\/contact\/","og_locale":"en_US","og_type":"article","og_title":"Contact - Kanzlei Pasquay","og_description":"How to reach me Rechtsanw\u00e4ltin Marie-Caroline Pasquay Freifrau von Pfetten-Arnbach Rechtsanw\u00e4ltin, MBA Fachanw\u00e4ltin f\u00fcr Bank- und Kapitalmarktrecht Zertifizierter Compliance Officer\u00a0 Kanzlei Deutschland:\u00a0Ludwigpalais \u2013 Ludwigstr. 8, D-\u00a080539 M\u00fcnchen Kanzlei \u00d6sterreich: Forstern 12, A-4891 P\u00f6ndorf Tel.: +49\/ 89\/ 80 99 07110 Fax: +49\/ 89\/ 80 99 07139 E-mail: mail@pasquay-legal.com More info: Send a message:","og_url":"https:\/\/pasquay-legal.com\/en\/contact\/","og_site_name":"Kanzlei Pasquay","article_modified_time":"2025-10-15T07:33:03+00:00","og_image":[{"width":512,"height":512,"url":"https:\/\/pasquay-legal.com\/wp-content\/uploads\/2025\/10\/PASQUAY_LEGAL_-_Marie-Caroline_Pasquay_Freifrau_von_Pfetten-Arnbach-512-2.png","type":"image\/png"}],"twitter_card":"summary_large_image","twitter_misc":{"Est. reading time":"1 minute"},"schema":{"@context":"https:\/\/schema.org","@graph":[{"@type":"WebPage","@id":"https:\/\/pasquay-legal.com\/en\/contact\/","url":"https:\/\/pasquay-legal.com\/en\/contact\/","name":"Contact - Kanzlei Pasquay","isPartOf":{"@id":"https:\/\/pasquay-legal.com\/en\/#website"},"primaryImageOfPage":{"@id":"https:\/\/pasquay-legal.com\/en\/contact\/#primaryimage"},"image":{"@id":"https:\/\/pasquay-legal.com\/en\/contact\/#primaryimage"},"thumbnailUrl":"https:\/\/pasquay-legal.com\/wp-content\/uploads\/2025\/10\/PASQUAY_LEGAL_-_Marie-Caroline_Pasquay_Freifrau_von_Pfetten-Arnbach-512-2.png","datePublished":"2023-03-06T08:57:02+00:00","dateModified":"2025-10-15T07:33:03+00:00","inLanguage":"en-US","potentialAction":[{"@type":"ReadAction","target":["https:\/\/pasquay-legal.com\/en\/contact\/"]}]},{"@type":"ImageObject","inLanguage":"en-US","@id":"https:\/\/pasquay-legal.com\/en\/contact\/#primaryimage","url":"https:\/\/pasquay-legal.com\/wp-content\/uploads\/2025\/10\/PASQUAY_LEGAL_-_Marie-Caroline_Pasquay_Freifrau_von_Pfetten-Arnbach-512-2.png","contentUrl":"https:\/\/pasquay-legal.com\/wp-content\/uploads\/2025\/10\/PASQUAY_LEGAL_-_Marie-Caroline_Pasquay_Freifrau_von_Pfetten-Arnbach-512-2.png"},{"@type":"WebSite","@id":"https:\/\/pasquay-legal.com\/en\/#website","url":"https:\/\/pasquay-legal.com\/en\/","name":"Kanzlei Pasquay","description":"KANZLEI F\u00dcR BANK- UND KAPITALMARKTRECHT","publisher":{"@id":"https:\/\/pasquay-legal.com\/en\/#organization"},"potentialAction":[{"@type":"SearchAction","target":{"@type":"EntryPoint","urlTemplate":"https:\/\/pasquay-legal.com\/en\/?s={search_term_string}"},"query-input":{"@type":"PropertyValueSpecification","valueRequired":true,"valueName":"search_term_string"}}],"inLanguage":"en-US"},{"@type":"Organization","@id":"https:\/\/pasquay-legal.com\/en\/#organization","name":"Kanzlei Pasquay","url":"https:\/\/pasquay-legal.com\/en\/","logo":{"@type":"ImageObject","inLanguage":"en-US","@id":"https:\/\/pasquay-legal.com\/en\/#\/schema\/logo\/image\/","url":"https:\/\/pasquay-legal.com\/wp-content\/uploads\/2023\/03\/logo_kanzlei-pasquay.png","contentUrl":"https:\/\/pasquay-legal.com\/wp-content\/uploads\/2023\/03\/logo_kanzlei-pasquay.png","width":800,"height":154,"caption":"Kanzlei Pasquay"},"image":{"@id":"https:\/\/pasquay-legal.com\/en\/#\/schema\/logo\/image\/"}}]}},"_links":{"self":[{"href":"https:\/\/pasquay-legal.com\/en\/wp-json\/wp\/v2\/pages\/1054","targetHints":{"allow":["GET"]}}],"collection":[{"href":"https:\/\/pasquay-legal.com\/en\/wp-json\/wp\/v2\/pages"}],"about":[{"href":"https:\/\/pasquay-legal.com\/en\/wp-json\/wp\/v2\/types\/page"}],"author":[{"embeddable":true,"href":"https:\/\/pasquay-legal.com\/en\/wp-json\/wp\/v2\/users\/1"}],"replies":[{"embeddable":true,"href":"https:\/\/pasquay-legal.com\/en\/wp-json\/wp\/v2\/comments?post=1054"}],"version-history":[{"count":19,"href":"https:\/\/pasquay-legal.com\/en\/wp-json\/wp\/v2\/pages\/1054\/revisions"}],"predecessor-version":[{"id":1677,"href":"https:\/\/pasquay-legal.com\/en\/wp-json\/wp\/v2\/pages\/1054\/revisions\/1677"}],"wp:attachment":[{"href":"https:\/\/pasquay-legal.com\/en\/wp-json\/wp\/v2\/media?parent=1054"}],"curies":[{"name":"wp","href":"https:\/\/api.w.org\/{rel}","templated":true}]}}