{"id":1048,"date":"2023-03-06T06:52:09","date_gmt":"2023-03-06T06:52:09","guid":{"rendered":"https:\/\/pasquay-legal.com\/imprint\/"},"modified":"2025-12-04T07:40:47","modified_gmt":"2025-12-04T07:40:47","slug":"imprint","status":"publish","type":"page","link":"https:\/\/pasquay-legal.com\/en\/imprint\/","title":{"rendered":"Imprint"},"content":{"rendered":"\t\t<div data-elementor-type=\"wp-page\" data-elementor-id=\"1048\" class=\"elementor elementor-1048 elementor-63\" data-elementor-post-type=\"page\">\n\t\t\t\t\t\t<section class=\"elementor-section elementor-top-section elementor-element elementor-element-ff8a168 elementor-section-height-min-height elementor-section-boxed elementor-section-height-default elementor-section-items-middle\" data-id=\"ff8a168\" data-element_type=\"section\" data-settings=\"{&quot;background_background&quot;:&quot;classic&quot;}\">\n\t\t\t\t\t\t\t<div class=\"elementor-background-overlay\"><\/div>\n\t\t\t\t\t\t\t<div class=\"elementor-container elementor-column-gap-default\">\n\t\t\t\t\t<div class=\"elementor-column elementor-col-100 elementor-top-column elementor-element elementor-element-f6e4618\" data-id=\"f6e4618\" data-element_type=\"column\">\n\t\t\t<div class=\"elementor-widget-wrap elementor-element-populated\">\n\t\t\t\t\t\t\t<\/div>\n\t\t<\/div>\n\t\t\t\t\t<\/div>\n\t\t<\/section>\n\t\t\t\t<section class=\"elementor-section elementor-top-section elementor-element elementor-element-6fe3fd5 elementor-section-boxed elementor-section-height-default elementor-section-height-default\" data-id=\"6fe3fd5\" data-element_type=\"section\" data-settings=\"{&quot;background_background&quot;:&quot;classic&quot;,&quot;shape_divider_top&quot;:&quot;tilt&quot;}\">\n\t\t\t\t\t\t\t<div class=\"elementor-background-overlay\"><\/div>\n\t\t\t\t\t\t<div class=\"elementor-shape elementor-shape-top\" aria-hidden=\"true\" data-negative=\"false\">\n\t\t\t<svg xmlns=\"http:\/\/www.w3.org\/2000\/svg\" viewBox=\"0 0 1000 100\" preserveAspectRatio=\"none\">\n\t<path class=\"elementor-shape-fill\" d=\"M0,6V0h1000v100L0,6z\"\/>\n<\/svg>\t\t<\/div>\n\t\t\t\t\t<div class=\"elementor-container elementor-column-gap-default\">\n\t\t\t\t\t<div class=\"elementor-column elementor-col-100 elementor-top-column elementor-element elementor-element-e80e68c\" data-id=\"e80e68c\" data-element_type=\"column\">\n\t\t\t<div class=\"elementor-widget-wrap elementor-element-populated\">\n\t\t\t\t\t\t<div class=\"elementor-element elementor-element-f103341 elementor-widget elementor-widget-text-editor\" data-id=\"f103341\" data-element_type=\"widget\" data-widget_type=\"text-editor.default\">\n\t\t\t\t<div class=\"elementor-widget-container\">\n\t\t\t\t\t\t\t\t\t<h3>Pflichtangaben\/ Anbieterkennung:<\/h3>\n<p>Inhaltlich verantwortlich f\u00fcr die Website www.kanzlei-pasquay.com ist:<br \/>\nMarie-Caroline Freifrau von Pfetten-Arnbach (geb. Pasquay)<br \/>\nRechtsanw\u00e4ltin, MBA<br \/>\nFachanw\u00e4ltin f\u00fcr Bank- und Kapitalmarktrecht<br \/>\nLudwigpalais \u2013 Ludwigstr. 8, 80539 M\u00fcnchen<\/p>\n<p>Tel.: +49\/ 89\/ 80 99 07110<br \/>\nFax: +49\/ 89\/ 80 99 07139<\/p>\n<p>EMail: <a href=\"mailto:mail@kanzlei-pasquay.com\">mail@kanzlei-pasquay.com<\/a><br \/>\nInternet: www.kanzlei-pasquay.com<\/p>\n<p>SteuerNr. 146\/ 131\/ 91551 (D)<br \/>\nUSt.IdentNr. DE241492642 (D)<br \/>\nSteuerNr. 53 271\/1645 (A)<\/p>\n<p>USt-IdentNr. ATU73569649 (A)<br \/>\nLEI: 3912005A8NESQV39F481<\/p>\n<p class=\"p1\"><b>Verantwortliche f\u00fcr journalistisch-redaktionell gestaltete Angebote im Sinne von \u00a7\u00a7 55 ff. Rundfunkstaatsvertrag<\/b><\/p>\n<p class=\"p1\">Marie-Caroline Freifrau von Pfetten-Arnbach, geb. Pasquay (gleiche Anschrift wie zuvor genannt)<\/p>\n<p class=\"p1\"><b>Gesetzliche Berufsbezeichnung und Zulassung<\/b><\/p>\n<p class=\"p1\">Die gesetzliche Berufsbezeichnung in der Bundesrepublik Deutschland lautet \u201eRechtsanwalt\u201c und wurde von der Bundesrepublik Deutschland, Rechtsanwaltskammer des Oberlandesgerichtsbezirks M\u00fcnchen, verliehen.<\/p>\n<p class=\"p1\">Seit dem Inkrafttreten des Gesetzes zur St\u00e4rkung der Selbstverwaltung der Rechtsanwaltschaft sind alle Rechtsanw\u00e4lte ab Zulassung zur Rechtsanwaltschaft bei allen Gerichten postulationsf\u00e4hig. Eine Ausnahme ergibt sich lediglich f\u00fcr die Postulationsf\u00e4higkeit beim Bundsgerichtshof f\u00fcr Zivilsachen.<\/p>\n<p class=\"p1\">Das Gesetz zur St\u00e4rkung der Selbstverwaltung der Rechtsanwaltschaft wurde ver\u00f6ffentlicht im Bundesgesetzblatt (BGBl. 2007, Teil I, Nr. 11) ausgegeben zu Bonn am 30.03.2007 und im Internet unter www.bundesgesetzblatt.de.<\/p>\n<p class=\"p1\">Die gesetzliche Berufsbezeichnung in der Republik \u00d6sterreich lautet \u201eEurop\u00e4ischer Rechtsanwalt\u201c und wurde von der Republik \u00d6sterreich, Ober\u00f6sterreichischen Rechtsanwaltskammer, verliehen.<\/p>\n<p class=\"p1\"><b>Geb\u00fchren und Berufsordnungen (Deutschland)<\/b><\/p>\n<p class=\"p1\">Es gelten folgende Geb\u00fchren und Berufsordnungen (bzw. Verg\u00fctungsgesetze)<\/p>\n<p class=\"p1\">BRAO: Bundesrechtsanwaltsordnung<br \/>\nBORA: Berufsordnung f\u00fcr Rechtsanw\u00e4lte<br \/>\nRVG: Rechtsanwaltsverg\u00fctungsgesetz<br \/>\nKostO: Kostenordnung<\/p>\n<p class=\"p1\"><b>Berufsregeln f\u00fcr Rechtsanw\u00e4lte in der EU<\/b><\/p>\n<p class=\"p1\">Die Inhalte der genannten Vorschriften sind im Bundesgesetzblatt ver\u00f6ffentlicht oder \u00fcber die Rechtsanwalts und Notarkammern zu beziehen.<\/p>\n<p class=\"p1\"><b>Zust\u00e4ndige Aufsichtsbeh\u00f6rde<\/b><\/p>\n<p class=\"p1\">Zust\u00e4ndige Aufsichtsbeh\u00f6rde in der Bundesrepublik Deutschland ist die Rechtsanwaltskammer f\u00fcr den Oberlandesgerichtsbezirk M\u00fcnchen, Anschrift: Tal 33, D-80331 M\u00fcnchen, Internet: http:\/\/www.rakmuenchen.de<\/p>\n<p class=\"p1\">Zust\u00e4ndige Aufsichtsbeh\u00f6rde in der Republik \u00d6sterreich ist die ober\u00f6sterreichische Rechtsanwaltskammer, Anschrift: Gruberstra\u00dfe 21, A-4020 Linz, Internet: www.ooerak.at<\/p>\n<p class=\"p1\"><b>Verm\u00f6gensschaden-Haftpflichtversicherung Bundesrepublik Deutschland<\/b><\/p>\n<p class=\"p1\">Eine den gesetzlichen Anforderungen entsprechende Verm\u00f6genschaden-Haftpflichtversicherung besteht bei der N\u00fcrnberger Allgemeine Versicherungs-AG, 81677 M\u00fcnchen (Versicherungsnummer: H 54\/16 773 017). Die Versicherung erstreckt sich auf die Berufst\u00e4tigkeit als Rechtsanw\u00e4ltin sowie als (vorl\u00e4ufiger) Insolvenzverwalter, Treuh\u00e4nder nach der Insolvenzordnung, Sachwalter, Vergleichsverwalter, Vergleichsverwalter nach der Gesamt-Vollstreckungsordnung, gerichtlich bestellter Liquidator, Zwangsverwalter, Sequester, Gl\u00e4ubigerausschussmitglied und Gl\u00e4ubigerbeiratsmitglied\u037e Testamentsvollstrecker, Nachlassverwalter und -pfleger, Vormund, Betreuer, Pfleger und Beistand, Schiedsrichter, Mediator, Abwickler einer Praxis gem. \u00a7 55 BRAO, Zustellungsbevollm\u00e4chtigter gem\u00e4\u00df \u00a7 30 BRAO und Notarvertreter f\u00fcr die Dauer von 60 Tagen innerhalb eines Versicherungsjahres. R\u00e4umlicher Geltungsbereich ist Europa.<\/p>\n<p class=\"p1\"><b>Verm\u00f6gensschaden-Haftpflichtversicherung Republik \u00d6sterreich<\/b><\/p>\n<p class=\"p1\">Eine den gesetzlichen Anforderungen entsprechende Verm\u00f6gensschaden-Haftpflichtversicherung besteht bei der Allianz Elementar Versicherungs-Aktiengesellschaft, Postfach 2000, A-1130 Wien (Versicherungsnummer: A719433535). Der Versicherungsschutz erstreckt sich auf alle mit der Aus\u00fcbung der Rechtsanwaltschaft verbunden T\u00e4tigkeit, insbesondere auf die Parteivertretung in Strafsachen und b\u00fcrgerlichen Rechtsstreitigkeiten, die T\u00e4tigkeit als Vormund, Kurator oder Sachwalter (mit und ohne Verm\u00f6gensverwaltung), Testamentsvollstrecker, Schiedsrichter (auch als Leiter von Schlichtungs- und Schiedsgerichtsstellen), Mediator gem\u00e4\u00df Zivilrechts-MediationsG, Treuh\u00e4nder, Liquidator, Hausverwalter, Zwangsverwalter, Ausgleichs- und Masseverwalter, Besonderer Verwalter (\u00a7 86 KO), Vorl\u00e4ufiger Verwalter (\u00a7 84 KO), Zwangsverwalter, Mitglied des Gl\u00e4ubigerausschusses, Mitglied des Gl\u00e4ubigerbeirates und durch das Gericht bestellte Gesch\u00e4ftsf\u00fchrer gem\u00e4\u00df \u00a7 15a GmbH-Gesetz.<\/p>\n<p class=\"p1\"><b>Haftungsausschluss<\/b><\/p>\n<p class=\"p1\">Die Inhalte dieser Seite werden mit gr\u00f6\u00dfter Sorgfalt erstellt. Eine Gew\u00e4hr f\u00fcr Vollst\u00e4ndigkeit, Richtigkeit und Aktualit\u00e4t der Inhalte und Beitr\u00e4ge \u00fcbernommen. Diese dienen daher nicht der konkreten Rechtsberatung im Einzelfall. Beitr\u00e4ge geben die Meinung der Autorin wieder. Der Diensteanbieter f\u00fcr eigene Inhalte auf diesen Seiten nach den allgemeinen Gesetzen verantwortlich. Er ist jedoch nicht verpflichtet, \u00fcbermittelte oder gespeicherte fremde Informationen zu \u00fcberwachen oder nach Umst\u00e4nden zu forschen, die auf eine rechtswidrige T\u00e4tigkeit hinweisen. Verpflichtungen zur Entfernung oder Sperrung der Nutzung von Informationen nach den allgemeinen Gesetzen bleiben hiervon unber\u00fchrt. Eine diesbez\u00fcgliche Haftung ist jedoch erst ab dem Zeitpunkt der Kenntnis einer konkreten Rechtsverletzung m\u00f6glich. Bei Bekanntwerden einer etwaigen Rechtsverletzung wird der Inhalt umgehend entfernt. M\u00fcndliche und schriftliche Ausk\u00fcnfte, die au\u00dferhalb eines Mandatsverh\u00e4ltnisses erteilt werden, sind unverbindlich.<\/p>\n<p class=\"p1\"><b>Haftung f\u00fcr Links<\/b><\/p>\n<p class=\"p1\">Das Angebot enth\u00e4lt Links zu externen Webseiten Dritter, auf deren Inhalt ich keinen Einfluss habe. Deshalb kann ich f\u00fcr diese fremden Inhalte auch kein Gew\u00e4hr \u00fcbernehmen. F\u00fcr die Inhalte der verlinkten Seite ist stets der jeweilige Anbieter oder Betreiber verantwortlich.<\/p>\n<p class=\"p1\"><b>Urheberrecht<\/b><\/p>\n<p class=\"p1\">Zur Ver\u00f6ffentlichung und Verbreitung jeglicher Inhalte bedarf es der ausdr\u00fccklichen Zustimmung von Rechtsanw\u00e4ltin Marie-Caroline Pasquay. Die durch den Seitenbetreiber erstellten Inhalte und Werke auf diesen Seiten unterliegen dem deutschen Urheberrecht. Die Vervielf\u00e4ltigung, Bearbeitung, Verbreitung und jede Art der Verwertung au\u00dferhalb der Grenzen des Urheberrechts bed\u00fcrfen der schriftlichen Zustimmung des jeweiligen Autors bzw. Erstellers. Soweit der Inhalt auf dieser Seite nicht von der Betreiberin erstellt wurde, werden die Urheberrechte Dritter beachtet. Bez\u00fcglich der auf dieser Homepage verwendeten Bilder beachten Sie bitte den unten stehenden Bildnachweis. Sollten Sie dennoch auf eine Urheberrechtsverletzung aufmerksam werden, bitte ich um entsprechenden Hinweis. Bei Bekanntwerden von Rechtsverletzungen werde ich den Inhalt umgehend entfernen.<\/p>\n<p class=\"p1\"><b>Kommunikation \u00fcber E-Mail<\/b><\/p>\n<p class=\"p1\">Kommunikation \u00fcber E-Mail kann Sicherheitsl\u00fccken aufweisen. Wenn ich eine E-Mail von Ihnen erhalte, gehe ich davon aus, dass ich zu einer Beantwortung per E-Mail berechtigt bin. Sofern Sie dies nicht w\u00fcnschen, m\u00fcssen Sie ausdr\u00fccklich auf eine andere Art der gew\u00fcnschten Kommunikation hinweisen. Vorsorglich weise ich ausdr\u00fccklich darauf hin, dass die Bearbeitung eingehender E-Mails gegen\u00fcber dem Posteingang und Telefaxmitteilungen grunds\u00e4tzlich nicht vorgezogen wird.<\/p>\n<p class=\"p1\"><b>Datenschutz<\/b><\/p>\n<p class=\"p1\">Bitte beachten Sie die Datenschutzerkl\u00e4rung unter www.kanzlei-pasquay.com\/kanzlei\/datenschutz<\/p>\n<p class=\"p1\"><b>Hinweise f\u00fcr Verbraucher zur au\u00dfergerichtlichen Streitbeilegung<\/b><\/p>\n<p class=\"p1\"><b>Informationen vor Entstehen einer Streitigkeit<\/b><\/p>\n<p class=\"p1\">Informationen zur Online-Streitbeilegung (OS) gem\u00e4\u00df Art. 14 Abs. 1 ODR-VO: Die europ\u00e4ische Kommission stellt eine benutzerfreundliche Internet Plattform zur au\u00dfergerichtlichen Online-Beilegung von verbraucherrechtlichen Streitigkeiten, die sich unter anderem aus der online Erbringung von Dienstleistungen ergeben (so genannte \u201eOS-Plattform\u201c) bereit. Die OS-Plattform der EU zur au\u00dfergerichtlichen online-Streitbeilegung ist unter folgendem Link erreichbar: https:\/\/ec.europa.eu\/consumers\/odr\/. Meine E-Mail-Adresse lautet: mail@kanzlei-pasquay.com<\/p>\n<p class=\"p1\">Hinweis gem\u00e4\u00df \u00a7 36 Verbraucher Streitbeilegung (VSBG): Zur Teilnahme an einem Streitbeilegungsverfahren vor einer Verbraucherschlichtungsstelle bin ich nicht verpflichtet und grunds\u00e4tzlich nicht bereit.<\/p>\n<p class=\"p1\"><b>Informationen nach Entstehen der Streitigkeit<\/b><\/p>\n<p class=\"p1\">Schlichtungsverfahren durch die zust\u00e4ndige Rechtsanwaltskammer (\u00a7 73 Abs. 2 Nr. 3 BRAO): Einleitung durch Einreichung einer schriftlichen Beschwerde bei der Rechtsanwaltskammer M\u00fcnchen, Tal 33, 80331 M\u00fcnchen; das Verfahren ist kostenfrei. N\u00e4here Informationen: https:\/\/rak-muenchen.de\/mandanten\/hier-hilft-die-kammer\/beschwerde-ueber-einen-rechtsanwalt.html. Hinweis gem\u00e4\u00df \u00a7 36 Verbraucher Streitbeilegung (VSBG): Zur Teilnahme an einem Streitbeilegungsverfahren vor einer Verbraucherschlichtungsstelle bin ich nicht verpflichtet und grunds\u00e4tzlich nicht bereit.<\/p>\n<p class=\"p1\">Schlichtungsstelle der Rechtsanwaltschaft bei der Bundesrechtsanwaltskammer (\u00a7 191 f BRAO): Verbraucherschlichtungsstelle im Sinne des Verbraucherstreitbeilegungsgesetzes (VSBG). Sie vermittelt bei verm\u00f6gensrechtlichen Streitigkeiten zwischen Mandant und Rechtsanwalt. Einleitung durch Beschwerde bei der Schlichtungsstelle der Rechtsanwaltschaft, Rauchstra\u00dfe 26, 10787 Berlin. Die Schlichtung richtet sich nach den Vorgaben des \u00a7 191f der Bundesrechtsanwaltsordnung und der Satzung der Schlichtungsstelle der Rechtsanwaltschaft. N\u00e4here Informationen: http:\/\/www.schlichtungsstelle-der-rechtsanwaltschaft.de\/. Hinweis gem\u00e4\u00df \u00a7 36 Verbraucher Streitbeilegung (VSBG): Zur Teilnahme an einem Streitbeilegungsverfahren vor einer Verbraucherschlichtungsstelle bin ich nicht verpflichtet und grunds\u00e4tzlich nicht bereit.<\/p>\n<p class=\"p1\"><b>Nutzungshinweise<\/b><\/p>\n<p class=\"p1\">S\u00e4mtliche Texte, Fotos, Grafiken und sonstige Dokumente und Daten auf der Webseite http:\/\/www.kanzleipasquay.com sind urheberrechtlich gesch\u00fctzt. Es ist erlaubt, Dokumente herunterzuladen (Download) und zu speichern, sofern dies auf der Webseite ausdr\u00fccklich angeboten wird. Bez\u00fcglich der auf dieser Homepage verwendeten Bilder beachten Sie bitte den unten stehenden Bildnachweis.<\/p>\n<p class=\"p1\">Bildnachweis Die Lizenzen zur Verwendung der Bilder auf dieser Seite wurden alle von Fotolia.com erworben.<\/p>\n<p class=\"p1\">Bilder von Frau Rechtsanw\u00e4ltin Pasquay: \u00a9 Foto Sauter, M\u00fcnchen<\/p>\n<p class=\"p1\">Seite Aufsichtsrecht 137398362 \u2013 Genehmigt Stempel im B\u00fcro mit Ordnern \u00a9DOC RABE Media; 57809444 \u2013 Stempel:ERLEDIGT \u00a9 bluedesign; 3. \u201e43316193 \u2013 Aktenstapel \u00a9 rdnz\u201c<\/p>\n<p class=\"p1\">Seite Kapitalmarktrecht 34783174 \u2013 Chartanalyse \u00a9 Pejo; Fotolia2Bogolne \u00a9 Fotolia<\/p>\n<p class=\"p1\">Seite Vertriebsrecht 40907424 \u2013 Detail\/ Nadelstreifen\/ Anzug\/ Kn\u00f6pfe \u00a9 Anna Reich<\/p>\n<p class=\"p1\">Seite Compliance 55499560 \u2013 Businessman und maze \u00a9 alphaspirit<\/p>\n\t\t\t\t\t\t\t\t<\/div>\n\t\t\t\t<\/div>\n\t\t\t\t<div class=\"elementor-element elementor-element-3d107d3 elementor-widget elementor-widget-text-editor\" data-id=\"3d107d3\" data-element_type=\"widget\" data-widget_type=\"text-editor.default\">\n\t\t\t\t<div class=\"elementor-widget-container\">\n\t\t\t\t\t\t\t\t\t<h2>Bildrechte<\/h2>\n<p>Three Lawyers Conversing:<br \/>\nHonor\u00e9 Daumier, Public domain, via <a href=\"https:\/\/commons.wikimedia.org\/wiki\/Main_Page\" target=\"_blank\" rel=\"noopener\">Wikimedia Commons<\/a><\/p>\n<p>Vor den Richtern:<br \/>\nFerdinand Br\u00fctt, Public domain, via <a href=\"https:\/\/commons.wikimedia.org\/wiki\/Main_Page\" target=\"_blank\" rel=\"noopener\">Wikimedia Commons<\/a><\/p>\n<p>Lawyer going to Court:<br \/>\nThomas Couture, Public domain, via <a href=\"https:\/\/commons.wikimedia.org\/wiki\/Main_Page\" target=\"_blank\" rel=\"noopener\">Wikimedia Commons<\/a><\/p>\n<p>The Court House, Pontoise:<br \/>\nCamille Pissarro, Public domain, via <a href=\"https:\/\/commons.wikimedia.org\/wiki\/Main_Page\" target=\"_blank\" rel=\"noopener\">Wikimedia Commons<\/a><\/p>\n<p>Houses of Parliament, Sunlight Effect:<br \/>\nClaude Monet, Public domain, via <a href=\"https:\/\/commons.wikimedia.org\/wiki\/Main_Page\" target=\"_blank\" rel=\"noopener\">Wikimedia Commons<\/a><\/p>\n<p>Deux Avocats:<br \/>\nHonor\u00e9 Daumier, Public domain, via <a href=\"https:\/\/commons.wikimedia.org\/wiki\/Main_Page\" target=\"_blank\" rel=\"noopener\">Wikimedia Commons<\/a><\/p>\n<p>Run on the Seamen&#8217;s Savings&#8217; Bank during the Panic of 1857:<br \/>\nUnknown author, Public domain, via <a href=\"https:\/\/commons.wikimedia.org\/wiki\/Main_Page\" target=\"_blank\" rel=\"noopener\">Wikimedia Commons<\/a><\/p>\n<p>Le D\u00e9fenseur (Counsel for the Defense):<br \/>\nHonor\u00e9 Daumier, <a href=\"https:\/\/www.nga.gov\/artworks\/168817-le-defenseur-counsel-defense\" target=\"_blank\" rel=\"noopener\">National Gallery of Art<\/a>, CC0, via <a href=\"https:\/\/commons.wikimedia.org\/wiki\/Main_Page\">Wikimedia Commons<\/a><\/p>\n<p>Ships Bearing up for Anchorage:<br \/>\nJ. M. W. Turner, Public domain, via <a href=\"https:\/\/commons.wikimedia.org\/wiki\/Main_Page\">Wikimedia Commons<\/a><\/p>\n<p>Bilder von Frau Rechtsanw\u00e4ltin Pasquay: \u00a9 Marie-Caroline Pasquay<\/p>\n\t\t\t\t\t\t\t\t<\/div>\n\t\t\t\t<\/div>\n\t\t\t\t\t<\/div>\n\t\t<\/div>\n\t\t\t\t\t<\/div>\n\t\t<\/section>\n\t\t\t\t<\/div>\n\t\t","protected":false},"excerpt":{"rendered":"<p>Pflichtangaben\/ Anbieterkennung: Inhaltlich verantwortlich f\u00fcr die Website www.kanzlei-pasquay.com ist: Marie-Caroline Freifrau von Pfetten-Arnbach (geb. Pasquay) Rechtsanw\u00e4ltin, MBA Fachanw\u00e4ltin f\u00fcr Bank- und Kapitalmarktrecht Ludwigpalais \u2013 Ludwigstr. 8, 80539 M\u00fcnchen Tel.: +49\/ 89\/ 80 99 07110 Fax: +49\/ 89\/ 80 99 07139 EMail: mail@kanzlei-pasquay.com Internet: www.kanzlei-pasquay.com SteuerNr. 146\/ 131\/ 91551 (D) USt.IdentNr. DE241492642 (D) SteuerNr. 53 271\/1645 [&hellip;]<\/p>\n","protected":false},"author":1,"featured_media":0,"parent":0,"menu_order":0,"comment_status":"closed","ping_status":"closed","template":"elementor_header_footer","meta":{"footnotes":""},"class_list":["post-1048","page","type-page","status-publish","hentry"],"yoast_head":"<!-- This site is optimized with the Yoast SEO plugin v26.1.1 - https:\/\/yoast.com\/wordpress\/plugins\/seo\/ -->\n<title>Imprint - Kanzlei Pasquay<\/title>\n<meta name=\"description\" content=\"Imprint\" \/>\n<meta name=\"robots\" content=\"index, follow, max-snippet:-1, max-image-preview:large, max-video-preview:-1\" \/>\n<link rel=\"canonical\" href=\"https:\/\/pasquay-legal.com\/en\/imprint\/\" \/>\n<meta property=\"og:locale\" content=\"en_US\" \/>\n<meta property=\"og:type\" content=\"article\" \/>\n<meta property=\"og:title\" content=\"Imprint - Kanzlei Pasquay\" \/>\n<meta property=\"og:description\" content=\"Imprint\" \/>\n<meta property=\"og:url\" content=\"https:\/\/pasquay-legal.com\/en\/imprint\/\" \/>\n<meta property=\"og:site_name\" content=\"Kanzlei Pasquay\" \/>\n<meta property=\"article:modified_time\" content=\"2025-12-04T07:40:47+00:00\" \/>\n<meta name=\"twitter:card\" content=\"summary_large_image\" \/>\n<meta name=\"twitter:label1\" content=\"Est. reading time\" \/>\n\t<meta name=\"twitter:data1\" content=\"4 minutes\" \/>\n<script type=\"application\/ld+json\" class=\"yoast-schema-graph\">{\"@context\":\"https:\/\/schema.org\",\"@graph\":[{\"@type\":\"WebPage\",\"@id\":\"https:\/\/pasquay-legal.com\/en\/imprint\/\",\"url\":\"https:\/\/pasquay-legal.com\/en\/imprint\/\",\"name\":\"Imprint - Kanzlei Pasquay\",\"isPartOf\":{\"@id\":\"https:\/\/pasquay-legal.com\/en\/#website\"},\"datePublished\":\"2023-03-06T06:52:09+00:00\",\"dateModified\":\"2025-12-04T07:40:47+00:00\",\"description\":\"Imprint\",\"inLanguage\":\"en-US\",\"potentialAction\":[{\"@type\":\"ReadAction\",\"target\":[\"https:\/\/pasquay-legal.com\/en\/imprint\/\"]}]},{\"@type\":\"WebSite\",\"@id\":\"https:\/\/pasquay-legal.com\/en\/#website\",\"url\":\"https:\/\/pasquay-legal.com\/en\/\",\"name\":\"Kanzlei Pasquay\",\"description\":\"KANZLEI F\u00dcR BANK- UND KAPITALMARKTRECHT\",\"publisher\":{\"@id\":\"https:\/\/pasquay-legal.com\/en\/#organization\"},\"potentialAction\":[{\"@type\":\"SearchAction\",\"target\":{\"@type\":\"EntryPoint\",\"urlTemplate\":\"https:\/\/pasquay-legal.com\/en\/?s={search_term_string}\"},\"query-input\":{\"@type\":\"PropertyValueSpecification\",\"valueRequired\":true,\"valueName\":\"search_term_string\"}}],\"inLanguage\":\"en-US\"},{\"@type\":\"Organization\",\"@id\":\"https:\/\/pasquay-legal.com\/en\/#organization\",\"name\":\"Kanzlei Pasquay\",\"url\":\"https:\/\/pasquay-legal.com\/en\/\",\"logo\":{\"@type\":\"ImageObject\",\"inLanguage\":\"en-US\",\"@id\":\"https:\/\/pasquay-legal.com\/en\/#\/schema\/logo\/image\/\",\"url\":\"https:\/\/pasquay-legal.com\/wp-content\/uploads\/2023\/03\/logo_kanzlei-pasquay.png\",\"contentUrl\":\"https:\/\/pasquay-legal.com\/wp-content\/uploads\/2023\/03\/logo_kanzlei-pasquay.png\",\"width\":800,\"height\":154,\"caption\":\"Kanzlei Pasquay\"},\"image\":{\"@id\":\"https:\/\/pasquay-legal.com\/en\/#\/schema\/logo\/image\/\"}}]}<\/script>\n<!-- \/ Yoast SEO plugin. -->","yoast_head_json":{"title":"Imprint - Kanzlei Pasquay","description":"Imprint","robots":{"index":"index","follow":"follow","max-snippet":"max-snippet:-1","max-image-preview":"max-image-preview:large","max-video-preview":"max-video-preview:-1"},"canonical":"https:\/\/pasquay-legal.com\/en\/imprint\/","og_locale":"en_US","og_type":"article","og_title":"Imprint - Kanzlei Pasquay","og_description":"Imprint","og_url":"https:\/\/pasquay-legal.com\/en\/imprint\/","og_site_name":"Kanzlei Pasquay","article_modified_time":"2025-12-04T07:40:47+00:00","twitter_card":"summary_large_image","twitter_misc":{"Est. reading time":"4 minutes"},"schema":{"@context":"https:\/\/schema.org","@graph":[{"@type":"WebPage","@id":"https:\/\/pasquay-legal.com\/en\/imprint\/","url":"https:\/\/pasquay-legal.com\/en\/imprint\/","name":"Imprint - Kanzlei Pasquay","isPartOf":{"@id":"https:\/\/pasquay-legal.com\/en\/#website"},"datePublished":"2023-03-06T06:52:09+00:00","dateModified":"2025-12-04T07:40:47+00:00","description":"Imprint","inLanguage":"en-US","potentialAction":[{"@type":"ReadAction","target":["https:\/\/pasquay-legal.com\/en\/imprint\/"]}]},{"@type":"WebSite","@id":"https:\/\/pasquay-legal.com\/en\/#website","url":"https:\/\/pasquay-legal.com\/en\/","name":"Kanzlei Pasquay","description":"KANZLEI F\u00dcR BANK- UND KAPITALMARKTRECHT","publisher":{"@id":"https:\/\/pasquay-legal.com\/en\/#organization"},"potentialAction":[{"@type":"SearchAction","target":{"@type":"EntryPoint","urlTemplate":"https:\/\/pasquay-legal.com\/en\/?s={search_term_string}"},"query-input":{"@type":"PropertyValueSpecification","valueRequired":true,"valueName":"search_term_string"}}],"inLanguage":"en-US"},{"@type":"Organization","@id":"https:\/\/pasquay-legal.com\/en\/#organization","name":"Kanzlei Pasquay","url":"https:\/\/pasquay-legal.com\/en\/","logo":{"@type":"ImageObject","inLanguage":"en-US","@id":"https:\/\/pasquay-legal.com\/en\/#\/schema\/logo\/image\/","url":"https:\/\/pasquay-legal.com\/wp-content\/uploads\/2023\/03\/logo_kanzlei-pasquay.png","contentUrl":"https:\/\/pasquay-legal.com\/wp-content\/uploads\/2023\/03\/logo_kanzlei-pasquay.png","width":800,"height":154,"caption":"Kanzlei Pasquay"},"image":{"@id":"https:\/\/pasquay-legal.com\/en\/#\/schema\/logo\/image\/"}}]}},"_links":{"self":[{"href":"https:\/\/pasquay-legal.com\/en\/wp-json\/wp\/v2\/pages\/1048","targetHints":{"allow":["GET"]}}],"collection":[{"href":"https:\/\/pasquay-legal.com\/en\/wp-json\/wp\/v2\/pages"}],"about":[{"href":"https:\/\/pasquay-legal.com\/en\/wp-json\/wp\/v2\/types\/page"}],"author":[{"embeddable":true,"href":"https:\/\/pasquay-legal.com\/en\/wp-json\/wp\/v2\/users\/1"}],"replies":[{"embeddable":true,"href":"https:\/\/pasquay-legal.com\/en\/wp-json\/wp\/v2\/comments?post=1048"}],"version-history":[{"count":38,"href":"https:\/\/pasquay-legal.com\/en\/wp-json\/wp\/v2\/pages\/1048\/revisions"}],"predecessor-version":[{"id":1713,"href":"https:\/\/pasquay-legal.com\/en\/wp-json\/wp\/v2\/pages\/1048\/revisions\/1713"}],"wp:attachment":[{"href":"https:\/\/pasquay-legal.com\/en\/wp-json\/wp\/v2\/media?parent=1048"}],"curies":[{"name":"wp","href":"https:\/\/api.w.org\/{rel}","templated":true}]}}